{"id":957,"date":"2023-11-27T10:15:37","date_gmt":"2023-11-27T15:15:37","guid":{"rendered":"http:\/\/cms.pacemkr.ca\/?page_id=957"},"modified":"2025-12-20T19:45:41","modified_gmt":"2025-12-21T00:45:41","slug":"security-policy","status":"publish","type":"page","link":"https:\/\/pacemkr.com\/fr-ca\/politiques-de-securite\/","title":{"rendered":"Politique de s\u00e9curit\u00e9"},"content":{"rendered":"<div data-elementor-type=\"wp-page\" data-elementor-id=\"957\" class=\"elementor elementor-957\" data-elementor-post-type=\"page\">\n\t\t\t\t<div class=\"elementor-element elementor-element-23c0d408 e-con-full e-flex e-con e-parent\" data-id=\"23c0d408\" data-element_type=\"container\" data-settings=\"{&quot;background_background&quot;:&quot;classic&quot;}\" data-core-v316-plus=\"true\">\n\t\t<div class=\"elementor-element elementor-element-3a565ad4 e-flex e-con-boxed e-con e-child\" data-id=\"3a565ad4\" data-element_type=\"container\" data-settings=\"{&quot;motion_fx_motion_fx_scrolling&quot;:&quot;yes&quot;,&quot;motion_fx_translateY_effect&quot;:&quot;yes&quot;,&quot;motion_fx_translateY_direction&quot;:&quot;negative&quot;,&quot;motion_fx_translateY_speed&quot;:{&quot;unit&quot;:&quot;px&quot;,&quot;size&quot;:1,&quot;sizes&quot;:[]},&quot;motion_fx_translateY_affectedRange&quot;:{&quot;unit&quot;:&quot;%&quot;,&quot;size&quot;:&quot;&quot;,&quot;sizes&quot;:{&quot;start&quot;:0,&quot;end&quot;:100}},&quot;motion_fx_devices&quot;:[&quot;desktop&quot;,&quot;tablet&quot;,&quot;mobile&quot;]}\">\n\t\t\t\t\t<div class=\"e-con-inner\">\n\t\t\t\t<div class=\"elementor-element elementor-element-51961e26 elementor-widget__width-initial elementor-widget-tablet__width-inherit elementor-invisible elementor-widget elementor-widget-heading\" data-id=\"51961e26\" data-element_type=\"widget\" data-settings=\"{&quot;_animation&quot;:&quot;fadeIn&quot;}\" data-widget_type=\"heading.default\">\n\t\t\t\t<div class=\"elementor-widget-container\">\n\t\t\t<style>\/*! elementor - v3.20.0 - 20-03-2024 *\/\n.elementor-heading-title{padding:0;margin:0;line-height:1}.elementor-widget-heading .elementor-heading-title[class*=elementor-size-]>a{color:inherit;font-size:inherit;line-height:inherit}.elementor-widget-heading .elementor-heading-title.elementor-size-small{font-size:15px}.elementor-widget-heading .elementor-heading-title.elementor-size-medium{font-size:19px}.elementor-widget-heading .elementor-heading-title.elementor-size-large{font-size:29px}.elementor-widget-heading .elementor-heading-title.elementor-size-xl{font-size:39px}.elementor-widget-heading .elementor-heading-title.elementor-size-xxl{font-size:59px}<\/style><h1 class=\"elementor-heading-title elementor-size-default\">Politique de s\u00e9curit\u00e9<\/h1>\t\t<\/div>\n\t\t\t\t<\/div>\n\t\t\t\t\t<\/div>\n\t\t\t\t<\/div>\n\t\t\t\t<\/div>\n\t\t<div class=\"elementor-element elementor-element-7b45024 simple-content e-flex e-con-boxed e-con e-parent\" data-id=\"7b45024\" data-element_type=\"container\" data-core-v316-plus=\"true\">\n\t\t\t\t\t<div class=\"e-con-inner\">\n\t\t<div class=\"elementor-element elementor-element-eeb859c e-flex e-con-boxed e-con e-child\" data-id=\"eeb859c\" data-element_type=\"container\">\n\t\t\t\t\t<div class=\"e-con-inner\">\n\t\t\t\t<div class=\"elementor-element elementor-element-7c78d1c elementor-widget elementor-widget-text-editor\" data-id=\"7c78d1c\" data-element_type=\"widget\" data-widget_type=\"text-editor.default\">\n\t\t\t\t<div class=\"elementor-widget-container\">\n\t\t\t<style>\/*! elementor - v3.20.0 - 20-03-2024 *\/\n.elementor-widget-text-editor.elementor-drop-cap-view-stacked .elementor-drop-cap{background-color:#69727d;color:#fff}.elementor-widget-text-editor.elementor-drop-cap-view-framed .elementor-drop-cap{color:#69727d;border:3px solid;background-color:transparent}.elementor-widget-text-editor:not(.elementor-drop-cap-view-default) .elementor-drop-cap{margin-top:8px}.elementor-widget-text-editor:not(.elementor-drop-cap-view-default) .elementor-drop-cap-letter{width:1em;height:1em}.elementor-widget-text-editor .elementor-drop-cap{float:left;text-align:center;line-height:1;font-size:50px}.elementor-widget-text-editor .elementor-drop-cap-letter{display:inline-block}<\/style>\t\t\t\t<p>Ce document d\u00e9crit notre politique de s\u00e9curit\u00e9. Nous ne pouvons pas garantir qu'aucune fuite ne se produira jamais, mais nous faisons de notre mieux pour prot\u00e9ger vos donn\u00e9es.<\/p>\n<h2>Annexes publi\u00e9es<\/h2>\n<ul>\n<li><a href=\"https:\/\/pacemkr-content.s3.amazonaws.com\/pentest_report_12_15_2022.pdf\" target=\"_blank\" rel=\"noopener\">audit de s\u00e9curit\u00e9 (15\/12\/2022)<\/a><\/li>\n<\/ul>\n<h2>Vos donn\u00e9es<\/h2>\n<p>Veuillez consulter notre<a href=\"https:\/\/pacemkr.com\/fr-ca\/politique-de-confidentialite\/\"> (Politique de confidentialit\u00e9)<\/a> concernant la mani\u00e8re dont nous g\u00e9rons vos donn\u00e9es.<\/p>\n<h2>Comment d\u00e9veloppons-nous un logiciel s\u00e9curis\u00e9<\/h2>\n<ul>\n<li>Nous utilisons des revues de code pour d\u00e9tecter les vuln\u00e9rabilit\u00e9s avant de les fusionner et de les livrer aux clients,<\/li>\n<li>Nous nous assurons de v\u00e9rifier les autorisations pour toutes les ressources que nous avons, et nous examinons r\u00e9guli\u00e8rement ces autorisations,<\/li>\n<li>Nous utilisons Git pour g\u00e9rer les modifications afin que tout code qui va en production soit facilement auditable.<\/li>\n<\/ul>\n<h2>Comment maintenons-nous nos communications s\u00e9curis\u00e9es<\/h2>\n<p>Nous faisons de notre mieux pour utiliser des techniques de pointe pour prot\u00e9ger les donn\u00e9es\u00a0:<\/p>\n<ul>\n<li>Nous utilisons des cl\u00e9s SSH pour acc\u00e9der \u00e0 nos serveurs,<\/li>\n<li>Nous utilisons HTTPS et des certificats SSL pour communiquer entre nous et vous.<\/li>\n<li>Nous ne transf\u00e9rons pas de donn\u00e9es en clair sur le r\u00e9seau.<\/li>\n<\/ul>\n<h2>Comment gardons-nous les donn\u00e9es s\u00e9curis\u00e9es<\/h2>\n<p>Encore une fois, nous faisons de notre mieux pour utiliser des techniques de pointe pour prot\u00e9ger les donn\u00e9es\u00a0:<\/p>\n<ul>\n<li>Nous h\u00e9bergeons nos applications Cloud sur Amazon AWS,<\/li>\n<li>Les donn\u00e9es sont crypt\u00e9es au repos et en transit dans nos installations Amazon AWS,<\/li>\n<li>Les disques durs de nos ordinateurs personnels sont chiffr\u00e9s (par exemple avec FileVault 2 d'Apple),<\/li>\n<\/ul>\n<h2>O\u00f9 h\u00e9bergeons-nous vos donn\u00e9es<\/h2>\n<p>Veuillez consulter la<a href=\"https:\/\/pacemkr.com\/fr-ca\/politique-de-confidentialite\/\"> (Politique de confidentialit\u00e9)<\/a> pour savoir o\u00f9 nous stockons les donn\u00e9es.<\/p>\n<h2>Comment traitons-nous une vuln\u00e9rabilit\u00e9<\/h2>\n<p>Important: If you notice a vulnerability, please submit a report to <a href=\"mailto:support@pacemkr.com\">support@pacemkr.com<\/a><\/p>\n<ul>\n<li>Nous enqu\u00eaterons d\u00e8s que possible et r\u00e9digerons un rapport interne,<\/li>\n<li>Si nous confirmons la vuln\u00e9rabilit\u00e9, nous en informerons nos clients,<\/li>\n<li>Si une violation a permis l'acc\u00e8s ou la modification des donn\u00e9es des clients, nous informerons \u00e9galement nos autorit\u00e9s de la GDPR dans les 72 heures (notamment la<a href=\"https:\/\/www.cnil.fr\/fr\/notifier-une-violation-de-donnees-personnelles\" target=\"_blank\" rel=\"nofollow noopener\"> CNIL, pour la France<\/a>),<\/li>\n<li>Si une violation a permis \u00e0 une personne externe d'acc\u00e9der ou de modifier les donn\u00e9es des clients, nous informerons \u00e9galement directement ces clients.<\/li>\n<li>Si une violation n'a permis qu'aux utilisateurs du m\u00eame client de consulter\/modifier des donn\u00e9es auxquelles ils n'\u00e9taient pas autoris\u00e9s (violation de permission), nous choisissons si nous informons uniquement les clients par le biais des notes de version lors de la livraison de la nouvelle version, ou si nous contactons directement les clients.<\/li>\n<\/ul>\n<p>Nous d\u00e9tectons les vuln\u00e9rabilit\u00e9s \u00e0 l'aide de\u00a0:<\/p>\n<ul>\n<li>Les vuln\u00e9rabilit\u00e9s signal\u00e9es par Atlassian eux-m\u00eames et d'autres tiers qui constituent notre logiciel, et bien s\u00fbr, nous tiendrons \u00e9galement compte des vuln\u00e9rabilit\u00e9s signal\u00e9es par des personnes externes,<\/li>\n<li>Tests de p\u00e9n\u00e9tration r\u00e9guliers (Une fois par an -\u00a0<a href=\"https:\/\/pacemkr-content.s3.amazonaws.com\/pentest_report_12_15_2022.pdf\" target=\"_blank\" rel=\"noopener\"><strong>Veuillez consulter notre dernier test de p\u00e9n\u00e9tration<\/strong><\/a>),<\/li>\n<li>Outil automatique de NPM (<a href=\"https:\/\/docs.npmjs.com\/cli\/v8\/commands\/npm-audit\" target=\"_blank\" rel=\"nofollow noopener\"><strong>audit npm<\/strong><\/a>)<\/li>\n<\/ul>\n<p>Remarques :<\/p>\n<ul>\n<li>Les outils automatiques d\u00e9tectent fr\u00e9quemment des suspects dans les biblioth\u00e8ques les plus courantes de l'industrie, que nous soyons affect\u00e9s ou non. Par cons\u00e9quent, nous ne publions pas de rapport pour chacun d'entre eux, nous mettons simplement \u00e0 niveau la biblioth\u00e8que ou nous nous assurons de ne pas utiliser la fonctionnalit\u00e9 de la biblioth\u00e8que qui pr\u00e9sente la vuln\u00e9rabilit\u00e9.<\/li>\n<li>Notre processus de publication bloque de toute fa\u00e7on la publication du logiciel jusqu'\u00e0 ce que le suspect soit r\u00e9solu. Si une vuln\u00e9rabilit\u00e9 nous semble grave (capacit\u00e9 d'acc\u00e9der ou de modifier les donn\u00e9es des clients), nous examinons si elle aurait permis l'acc\u00e8s ou la modification des donn\u00e9es des clients, et nous appliquons le processus ci-dessus.<\/li>\n<\/ul>\n<p>Please send notifications to <a href=\"mailto:support@pacemkr.com\">support@pacemkr.com<\/a><\/p>\n<h2>Comment effectuons-nous des audits<\/h2>\n<p>Chaque ann\u00e9e, nous r\u00e9alisons un audit de s\u00e9curit\u00e9 avec un tiers externe. Nous avons publi\u00e9 le r\u00e9sultat du dernier audit sur cette page\u00a0:\u00a0 <a href=\"https:\/\/pacemkr-content.s3.amazonaws.com\/pentest_report_12_15_2022.pdf\" target=\"_blank\" rel=\"noopener\">audit de s\u00e9curit\u00e9 (15\/12\/2022)<\/a>.<\/p>\t\t\t\t\t\t<\/div>\n\t\t\t\t<\/div>\n\t\t\t\t\t<\/div>\n\t\t\t\t<\/div>\n\t\t\t\t\t<\/div>\n\t\t\t\t<\/div>\n\t\t\t\t<\/div>","protected":false},"excerpt":{"rendered":"<p>Security policy This document describes our security policy. We cannot guarantee that no leak will ever happen, but we do our best to keep your data safe. Published annexes Security audit (15\/12\/2022) Your data Please see our Privacy Policy concerning how we manage your data. How we develop secure software We use code reviews to [&hellip;]<\/p>","protected":false},"author":6,"featured_media":0,"parent":0,"menu_order":0,"comment_status":"closed","ping_status":"closed","template":"","meta":{"footnotes":""},"aioseo_notices":[],"jetpack_sharing_enabled":true,"_links":{"self":[{"href":"https:\/\/pacemkr.com\/fr-ca\/wp-json\/wp\/v2\/pages\/957"}],"collection":[{"href":"https:\/\/pacemkr.com\/fr-ca\/wp-json\/wp\/v2\/pages"}],"about":[{"href":"https:\/\/pacemkr.com\/fr-ca\/wp-json\/wp\/v2\/types\/page"}],"author":[{"embeddable":true,"href":"https:\/\/pacemkr.com\/fr-ca\/wp-json\/wp\/v2\/users\/6"}],"replies":[{"embeddable":true,"href":"https:\/\/pacemkr.com\/fr-ca\/wp-json\/wp\/v2\/comments?post=957"}],"version-history":[{"count":37,"href":"https:\/\/pacemkr.com\/fr-ca\/wp-json\/wp\/v2\/pages\/957\/revisions"}],"predecessor-version":[{"id":4247,"href":"https:\/\/pacemkr.com\/fr-ca\/wp-json\/wp\/v2\/pages\/957\/revisions\/4247"}],"wp:attachment":[{"href":"https:\/\/pacemkr.com\/fr-ca\/wp-json\/wp\/v2\/media?parent=957"}],"curies":[{"name":"wp","href":"https:\/\/api.w.org\/{rel}","templated":true}]}}